{"id":6357,"date":"2020-05-22T22:13:03","date_gmt":"2020-05-22T22:13:03","guid":{"rendered":"http:\/\/appk.org\/appk\/?page_id=6357"},"modified":"2021-02-25T14:38:15","modified_gmt":"2021-02-25T14:38:15","slug":"kontakti","status":"publish","type":"page","link":"https:\/\/appk.org\/appk\/kontakti\/","title":{"rendered":"Kontakti"},"content":{"rendered":"[vc_row type=&#8221;full_width_content&#8221; full_screen_row_position=&#8221;middle&#8221; column_margin=&#8221;default&#8221; equal_height=&#8221;yes&#8221; column_direction=&#8221;default&#8221; column_direction_tablet=&#8221;default&#8221; column_direction_phone=&#8221;default&#8221; bg_color=&#8221;#141414&#8243; scene_position=&#8221;center&#8221; text_color=&#8221;light&#8221; text_align=&#8221;left&#8221; row_border_radius=&#8221;none&#8221; row_border_radius_applies=&#8221;bg&#8221; overlay_strength=&#8221;0.3&#8243; gradient_direction=&#8221;left_to_right&#8221; shape_divider_position=&#8221;bottom&#8221; bg_image_animation=&#8221;none&#8221;][vc_column column_padding=&#8221;no-extra-padding&#8221; column_padding_tablet=&#8221;inherit&#8221; column_padding_phone=&#8221;inherit&#8221; column_padding_position=&#8221;all&#8221; background_color_opacity=&#8221;1&#8243; background_hover_color_opacity=&#8221;1&#8243; column_shadow=&#8221;none&#8221; column_border_radius=&#8221;none&#8221; column_link_target=&#8221;_self&#8221; gradient_direction=&#8221;left_to_right&#8221; overlay_strength=&#8221;0.3&#8243; width=&#8221;1\/2&#8243; tablet_width_inherit=&#8221;default&#8221; tablet_text_alignment=&#8221;default&#8221; phone_text_alignment=&#8221;default&#8221; column_border_width=&#8221;none&#8221; column_border_style=&#8221;solid&#8221; bg_image_animation=&#8221;none&#8221; enable_animation=&#8221;true&#8221; animation=&#8221;grow-in&#8221; delay=&#8221;200&#8243;][nectar_gmap map_type=&#8221;google&#8221; zoom=&#8221;20&#8243; enable_zoom=&#8221;1&#8243; marker_style=&#8221;nectar&#8221; nectar_marker_color=&#8221;accent-color&#8221; map_greyscale=&#8221;1&#8243; ultra_flat=&#8221;1&#8243; dark_color_scheme=&#8221;1&#8243; size=&#8221;750&#8243; map_center_lat=&#8221;42.646851&#8243; map_center_lng=&#8221;21.153419&#8243; map_markers=&#8221;42.646851|21.153419 Lokacioni jon\u00eb&#8221;][\/vc_column][vc_column column_padding=&#8221;padding-8-percent&#8221; column_padding_tablet=&#8221;inherit&#8221; column_padding_phone=&#8221;inherit&#8221; column_padding_position=&#8221;all&#8221; background_color=&#8221;#3bbf3d&#8221; background_color_opacity=&#8221;0.9&#8243; background_hover_color_opacity=&#8221;1&#8243; background_image=&#8221;123&#8243; background_image_position=&#8221;center center&#8221; enable_bg_scale=&#8221;true&#8221; column_shadow=&#8221;none&#8221; column_border_radius=&#8221;none&#8221; column_link_target=&#8221;_self&#8221; gradient_direction=&#8221;left_to_right&#8221; overlay_strength=&#8221;0.3&#8243; width=&#8221;1\/2&#8243; tablet_width_inherit=&#8221;default&#8221; tablet_text_alignment=&#8221;default&#8221; phone_text_alignment=&#8221;default&#8221; column_border_width=&#8221;none&#8221; column_border_style=&#8221;solid&#8221; bg_image_animation=&#8221;none&#8221; enable_animation=&#8221;true&#8221; animation=&#8221;grow-in&#8221; delay=&#8221;300&#8243;][vc_column_text css_animation=&#8221;none&#8221; css=&#8221;.vc_custom_1592220300908{margin-bottom: -50px !important;}&#8221;]\n<h3>KONTAKTI<\/h3>\n<p>Ju mund t\u00eb na kontaktoni n\u00eb nj\u00eb nga format e m\u00ebposhtme:[\/vc_column_text][split_line_heading animation_type=&#8221;default&#8221;]&nbsp;<\/p>\n<p>&nbsp;<\/p>\n<p>Tel: +383 (0)38 55 41 55<br \/>\nTel: +383 (0)38 55 41 66<br \/>\nTel: +383 (0)44 50 76 28<br \/>\nE-mail: info(at)appk.org[\/split_line_heading][\/vc_column][\/vc_row][vc_row type=&#8221;in_container&#8221; full_screen_row_position=&#8221;middle&#8221; column_margin=&#8221;default&#8221; column_direction=&#8221;default&#8221; column_direction_tablet=&#8221;default&#8221; column_direction_phone=&#8221;default&#8221; scene_position=&#8221;center&#8221; text_color=&#8221;dark&#8221; text_align=&#8221;left&#8221; row_border_radius=&#8221;none&#8221; row_border_radius_applies=&#8221;bg&#8221; overlay_strength=&#8221;0.3&#8243; gradient_direction=&#8221;left_to_right&#8221; shape_divider_position=&#8221;bottom&#8221; bg_image_animation=&#8221;none&#8221;][vc_column column_padding=&#8221;no-extra-padding&#8221; column_padding_tablet=&#8221;inherit&#8221; column_padding_phone=&#8221;inherit&#8221; column_padding_position=&#8221;all&#8221; background_color_opacity=&#8221;1&#8243; background_hover_color_opacity=&#8221;1&#8243; column_shadow=&#8221;none&#8221; column_border_radius=&#8221;none&#8221; column_link_target=&#8221;_self&#8221; gradient_direction=&#8221;left_to_right&#8221; overlay_strength=&#8221;0.3&#8243; width=&#8221;1\/1&#8243; tablet_width_inherit=&#8221;default&#8221; tablet_text_alignment=&#8221;default&#8221; phone_text_alignment=&#8221;default&#8221; column_border_width=&#8221;none&#8221; column_border_style=&#8221;solid&#8221; bg_image_animation=&#8221;none&#8221;][\/vc_column][\/vc_row]\n","protected":false},"excerpt":{"rendered":"<p>[vc_row type=&#8221;full_width_content&#8221; full_screen_row_position=&#8221;middle&#8221; column_margin=&#8221;default&#8221; equal_height=&#8221;yes&#8221; column_direction=&#8221;default&#8221; column_direction_tablet=&#8221;default&#8221; column_direction_phone=&#8221;default&#8221; bg_color=&#8221;#141414&#8243; scene_position=&#8221;center&#8221; text_color=&#8221;light&#8221; text_align=&#8221;left&#8221; row_border_radius=&#8221;none&#8221; row_border_radius_applies=&#8221;bg&#8221; overlay_strength=&#8221;0.3&#8243; gradient_direction=&#8221;left_to_right&#8221; shape_divider_position=&#8221;bottom&#8221; bg_image_animation=&#8221;none&#8221;][vc_column column_padding=&#8221;no-extra-padding&#8221; column_padding_tablet=&#8221;inherit&#8221; column_padding_phone=&#8221;inherit&#8221; column_padding_position=&#8221;all&#8221; background_color_opacity=&#8221;1&#8243; background_hover_color_opacity=&#8221;1&#8243; column_shadow=&#8221;none&#8221; column_border_radius=&#8221;none&#8221; column_link_target=&#8221;_self&#8221; gradient_direction=&#8221;left_to_right&#8221; overlay_strength=&#8221;0.3&#8243; width=&#8221;1\/2&#8243;&#8230;<\/p>\n","protected":false},"author":1,"featured_media":0,"parent":0,"menu_order":0,"comment_status":"closed","ping_status":"closed","template":"","meta":{"nf_dc_page":"","om_disable_all_campaigns":false,"_monsterinsights_skip_tracking":false,"_monsterinsights_sitenote_active":false,"_monsterinsights_sitenote_note":"","_monsterinsights_sitenote_category":0,"footnotes":""},"class_list":["post-6357","page","type-page","status-publish"],"aioseo_notices":[],"yoast_head":"<!-- This site is optimized with the Yoast SEO plugin v27.3 - https:\/\/yoast.com\/product\/yoast-seo-wordpress\/ -->\n<title>Kontakti - APPK<\/title>\n<meta name=\"robots\" content=\"index, follow, max-snippet:-1, max-image-preview:large, max-video-preview:-1\" \/>\n<link rel=\"canonical\" href=\"https:\/\/appk.org\/appk\/kontakti\/\" \/>\n<meta property=\"og:locale\" content=\"en_US\" \/>\n<meta property=\"og:type\" content=\"article\" \/>\n<meta property=\"og:title\" content=\"Kontakti - APPK\" \/>\n<meta property=\"og:description\" content=\"[vc_row type=&#8221;full_width_content&#8221; full_screen_row_position=&#8221;middle&#8221; column_margin=&#8221;default&#8221; equal_height=&#8221;yes&#8221; column_direction=&#8221;default&#8221; column_direction_tablet=&#8221;default&#8221; column_direction_phone=&#8221;default&#8221; bg_color=&#8221;#141414&#8243; scene_position=&#8221;center&#8221; text_color=&#8221;light&#8221; text_align=&#8221;left&#8221; row_border_radius=&#8221;none&#8221; row_border_radius_applies=&#8221;bg&#8221; overlay_strength=&#8221;0.3&#8243; gradient_direction=&#8221;left_to_right&#8221; shape_divider_position=&#8221;bottom&#8221; bg_image_animation=&#8221;none&#8221;][vc_column column_padding=&#8221;no-extra-padding&#8221; column_padding_tablet=&#8221;inherit&#8221; column_padding_phone=&#8221;inherit&#8221; column_padding_position=&#8221;all&#8221; background_color_opacity=&#8221;1&#8243; background_hover_color_opacity=&#8221;1&#8243; column_shadow=&#8221;none&#8221; column_border_radius=&#8221;none&#8221; column_link_target=&#8221;_self&#8221; gradient_direction=&#8221;left_to_right&#8221; overlay_strength=&#8221;0.3&#8243; width=&#8221;1\/2&#8243;...\" \/>\n<meta property=\"og:url\" content=\"https:\/\/appk.org\/appk\/kontakti\/\" \/>\n<meta property=\"og:site_name\" content=\"APPK\" \/>\n<meta property=\"article:publisher\" content=\"https:\/\/www.facebook.com\/appkorg\/\" \/>\n<meta property=\"article:modified_time\" content=\"2021-02-25T14:38:15+00:00\" \/>\n<meta name=\"twitter:card\" content=\"summary_large_image\" \/>\n<meta name=\"twitter:label1\" content=\"Est. reading time\" \/>\n\t<meta name=\"twitter:data1\" content=\"2 minutes\" \/>\n<script type=\"application\/ld+json\" class=\"yoast-schema-graph\">{\"@context\":\"https:\\\/\\\/schema.org\",\"@graph\":[{\"@type\":\"WebPage\",\"@id\":\"https:\\\/\\\/appk.org\\\/appk\\\/kontakti\\\/\",\"url\":\"https:\\\/\\\/appk.org\\\/appk\\\/kontakti\\\/\",\"name\":\"Kontakti - APPK\",\"isPartOf\":{\"@id\":\"https:\\\/\\\/appk.org\\\/appk\\\/#website\"},\"datePublished\":\"2020-05-22T22:13:03+00:00\",\"dateModified\":\"2021-02-25T14:38:15+00:00\",\"breadcrumb\":{\"@id\":\"https:\\\/\\\/appk.org\\\/appk\\\/kontakti\\\/#breadcrumb\"},\"inLanguage\":\"en-US\",\"potentialAction\":[{\"@type\":\"ReadAction\",\"target\":[\"https:\\\/\\\/appk.org\\\/appk\\\/kontakti\\\/\"]}]},{\"@type\":\"BreadcrumbList\",\"@id\":\"https:\\\/\\\/appk.org\\\/appk\\\/kontakti\\\/#breadcrumb\",\"itemListElement\":[{\"@type\":\"ListItem\",\"position\":1,\"name\":\"Home\",\"item\":\"https:\\\/\\\/appk.org\\\/appk\\\/\"},{\"@type\":\"ListItem\",\"position\":2,\"name\":\"Kontakti\"}]},{\"@type\":\"WebSite\",\"@id\":\"https:\\\/\\\/appk.org\\\/appk\\\/#website\",\"url\":\"https:\\\/\\\/appk.org\\\/appk\\\/\",\"name\":\"APPK\",\"description\":\"Agjensioni i P\u00ebrkrahjes se Punesimit n\u00eb Kosov\u00eb\",\"potentialAction\":[{\"@type\":\"SearchAction\",\"target\":{\"@type\":\"EntryPoint\",\"urlTemplate\":\"https:\\\/\\\/appk.org\\\/appk\\\/?s={search_term_string}\"},\"query-input\":{\"@type\":\"PropertyValueSpecification\",\"valueRequired\":true,\"valueName\":\"search_term_string\"}}],\"inLanguage\":\"en-US\"}]}<\/script>\n<!-- \/ Yoast SEO plugin. -->","yoast_head_json":{"title":"Kontakti - APPK","robots":{"index":"index","follow":"follow","max-snippet":"max-snippet:-1","max-image-preview":"max-image-preview:large","max-video-preview":"max-video-preview:-1"},"canonical":"https:\/\/appk.org\/appk\/kontakti\/","og_locale":"en_US","og_type":"article","og_title":"Kontakti - APPK","og_description":"[vc_row type=&#8221;full_width_content&#8221; full_screen_row_position=&#8221;middle&#8221; column_margin=&#8221;default&#8221; equal_height=&#8221;yes&#8221; column_direction=&#8221;default&#8221; column_direction_tablet=&#8221;default&#8221; column_direction_phone=&#8221;default&#8221; bg_color=&#8221;#141414&#8243; scene_position=&#8221;center&#8221; text_color=&#8221;light&#8221; text_align=&#8221;left&#8221; row_border_radius=&#8221;none&#8221; row_border_radius_applies=&#8221;bg&#8221; overlay_strength=&#8221;0.3&#8243; gradient_direction=&#8221;left_to_right&#8221; shape_divider_position=&#8221;bottom&#8221; bg_image_animation=&#8221;none&#8221;][vc_column column_padding=&#8221;no-extra-padding&#8221; column_padding_tablet=&#8221;inherit&#8221; column_padding_phone=&#8221;inherit&#8221; column_padding_position=&#8221;all&#8221; background_color_opacity=&#8221;1&#8243; background_hover_color_opacity=&#8221;1&#8243; column_shadow=&#8221;none&#8221; column_border_radius=&#8221;none&#8221; column_link_target=&#8221;_self&#8221; gradient_direction=&#8221;left_to_right&#8221; overlay_strength=&#8221;0.3&#8243; width=&#8221;1\/2&#8243;...","og_url":"https:\/\/appk.org\/appk\/kontakti\/","og_site_name":"APPK","article_publisher":"https:\/\/www.facebook.com\/appkorg\/","article_modified_time":"2021-02-25T14:38:15+00:00","twitter_card":"summary_large_image","twitter_misc":{"Est. reading time":"2 minutes"},"schema":{"@context":"https:\/\/schema.org","@graph":[{"@type":"WebPage","@id":"https:\/\/appk.org\/appk\/kontakti\/","url":"https:\/\/appk.org\/appk\/kontakti\/","name":"Kontakti - APPK","isPartOf":{"@id":"https:\/\/appk.org\/appk\/#website"},"datePublished":"2020-05-22T22:13:03+00:00","dateModified":"2021-02-25T14:38:15+00:00","breadcrumb":{"@id":"https:\/\/appk.org\/appk\/kontakti\/#breadcrumb"},"inLanguage":"en-US","potentialAction":[{"@type":"ReadAction","target":["https:\/\/appk.org\/appk\/kontakti\/"]}]},{"@type":"BreadcrumbList","@id":"https:\/\/appk.org\/appk\/kontakti\/#breadcrumb","itemListElement":[{"@type":"ListItem","position":1,"name":"Home","item":"https:\/\/appk.org\/appk\/"},{"@type":"ListItem","position":2,"name":"Kontakti"}]},{"@type":"WebSite","@id":"https:\/\/appk.org\/appk\/#website","url":"https:\/\/appk.org\/appk\/","name":"APPK","description":"Agjensioni i P\u00ebrkrahjes se Punesimit n\u00eb Kosov\u00eb","potentialAction":[{"@type":"SearchAction","target":{"@type":"EntryPoint","urlTemplate":"https:\/\/appk.org\/appk\/?s={search_term_string}"},"query-input":{"@type":"PropertyValueSpecification","valueRequired":true,"valueName":"search_term_string"}}],"inLanguage":"en-US"}]}},"jetpack_sharing_enabled":true,"_links":{"self":[{"href":"https:\/\/appk.org\/appk\/wp-json\/wp\/v2\/pages\/6357","targetHints":{"allow":["GET"]}}],"collection":[{"href":"https:\/\/appk.org\/appk\/wp-json\/wp\/v2\/pages"}],"about":[{"href":"https:\/\/appk.org\/appk\/wp-json\/wp\/v2\/types\/page"}],"author":[{"embeddable":true,"href":"https:\/\/appk.org\/appk\/wp-json\/wp\/v2\/users\/1"}],"replies":[{"embeddable":true,"href":"https:\/\/appk.org\/appk\/wp-json\/wp\/v2\/comments?post=6357"}],"version-history":[{"count":13,"href":"https:\/\/appk.org\/appk\/wp-json\/wp\/v2\/pages\/6357\/revisions"}],"predecessor-version":[{"id":8320,"href":"https:\/\/appk.org\/appk\/wp-json\/wp\/v2\/pages\/6357\/revisions\/8320"}],"wp:attachment":[{"href":"https:\/\/appk.org\/appk\/wp-json\/wp\/v2\/media?parent=6357"}],"curies":[{"name":"wp","href":"https:\/\/api.w.org\/{rel}","templated":true}]}}