{"id":7621,"date":"2020-10-14T09:14:49","date_gmt":"2020-10-14T09:14:49","guid":{"rendered":"http:\/\/appk.org\/appk\/?page_id=7621"},"modified":"2020-10-22T14:05:32","modified_gmt":"2020-10-22T14:05:32","slug":"for-appk","status":"publish","type":"page","link":"https:\/\/appk.org\/appk\/for-appk\/","title":{"rendered":"For APPK"},"content":{"rendered":"[vc_row type=&#8221;full_width_content&#8221; full_screen_row_position=&#8221;middle&#8221; column_margin=&#8221;default&#8221; equal_height=&#8221;yes&#8221; content_placement=&#8221;middle&#8221; column_direction=&#8221;default&#8221; column_direction_tablet=&#8221;default&#8221; column_direction_phone=&#8221;default&#8221; bg_color=&#8221;#ffffff&#8221; scene_position=&#8221;center&#8221; constrain_group_1=&#8221;yes&#8221; top_padding_tablet=&#8221;8%&#8221; bottom_padding_tablet=&#8221;8%&#8221; text_color=&#8221;dark&#8221; text_align=&#8221;left&#8221; row_border_radius=&#8221;none&#8221; row_border_radius_applies=&#8221;bg&#8221; id=&#8221;home&#8221; overlay_strength=&#8221;0.5&#8243; gradient_direction=&#8221;top_to_bottom&#8221; shape_divider_position=&#8221;bottom&#8221; bg_image_animation=&#8221;none&#8221; shape_type=&#8221;straight_section&#8221;][vc_column column_padding=&#8221;no-extra-padding&#8221; column_padding_tablet=&#8221;inherit&#8221; column_padding_phone=&#8221;inherit&#8221; column_padding_position=&#8221;all&#8221; left_margin_tablet=&#8221;auto&#8221; right_margin_tablet=&#8221;auto&#8221; left_margin_phone=&#8221;auto&#8221; right_margin_phone=&#8221;auto&#8221; background_color_opacity=&#8221;1&#8243; background_hover_color_opacity=&#8221;1&#8243; column_shadow=&#8221;none&#8221; column_border_radius=&#8221;none&#8221; column_link_target=&#8221;_self&#8221; max_width_tablet=&#8221;600&#8243; max_width_phone=&#8221;420px&#8221; gradient_direction=&#8221;left_to_right&#8221; overlay_strength=&#8221;0.5&#8243; width=&#8221;2\/5&#8243; tablet_width_inherit=&#8221;default&#8221; tablet_text_alignment=&#8221;default&#8221; phone_text_alignment=&#8221;default&#8221; column_border_width=&#8221;none&#8221; column_border_style=&#8221;solid&#8221; bg_image_animation=&#8221;none&#8221; offset=&#8221;vc_col-xs-12&#8243;][vc_row_inner column_margin=&#8221;default&#8221; column_direction=&#8221;default&#8221; column_direction_tablet=&#8221;default&#8221; column_direction_phone=&#8221;default&#8221; text_align=&#8221;left&#8221;][vc_column_inner column_padding=&#8221;no-extra-padding&#8221; column_padding_tablet=&#8221;inherit&#8221; column_padding_phone=&#8221;inherit&#8221; column_padding_position=&#8221;all&#8221; background_color_opacity=&#8221;1&#8243; background_hover_color_opacity=&#8221;1&#8243; background_image=&#8221;6354&#8243; background_image_position=&#8221;center center&#8221; enable_bg_scale=&#8221;true&#8221; column_shadow=&#8221;none&#8221; column_border_radius=&#8221;none&#8221; column_link_target=&#8221;_self&#8221; gradient_direction=&#8221;left_to_right&#8221; overlay_strength=&#8221;0.5&#8243; width=&#8221;1\/1&#8243; tablet_width_inherit=&#8221;default&#8221; column_border_width=&#8221;none&#8221; column_border_style=&#8221;solid&#8221; bg_image_animation=&#8221;ro-reveal-from-left&#8221;][divider line_type=&#8221;No Line&#8221; custom_height=&#8221;95vh&#8221; custom_height_tablet=&#8221;40vh&#8221; custom_height_phone=&#8221;300px&#8221;][\/vc_column_inner][\/vc_row_inner][\/vc_column][vc_column column_padding=&#8221;padding-7-percent&#8221; column_padding_tablet=&#8221;no-extra-padding&#8221; column_padding_phone=&#8221;no-extra-padding&#8221; column_padding_position=&#8221;left-right&#8221; top_margin_tablet=&#8221;40&#8243; left_margin_tablet=&#8221;auto&#8221; right_margin_tablet=&#8221;auto&#8221; left_margin_phone=&#8221;auto&#8221; right_margin_phone=&#8221;auto&#8221; background_color_opacity=&#8221;1&#8243; background_hover_color_opacity=&#8221;1&#8243; column_shadow=&#8221;none&#8221; column_border_radius=&#8221;none&#8221; column_link_target=&#8221;_self&#8221; max_width_desktop=&#8221;1000px&#8221; max_width_tablet=&#8221;600px&#8221; max_width_phone=&#8221;420px&#8221; zindex=&#8221;100&#8243; gradient_direction=&#8221;left_t_to_right_b&#8221; overlay_strength=&#8221;0.3&#8243; width=&#8221;3\/5&#8243; tablet_width_inherit=&#8221;default&#8221; tablet_text_alignment=&#8221;default&#8221; phone_text_alignment=&#8221;default&#8221; column_border_width=&#8221;none&#8221; column_border_style=&#8221;solid&#8221; bg_image_animation=&#8221;none&#8221; offset=&#8221;vc_col-xs-12&#8243;][vc_row_inner column_margin=&#8221;40px&#8221; column_direction=&#8221;default&#8221; column_direction_tablet=&#8221;default&#8221; column_direction_phone=&#8221;default&#8221; text_align=&#8221;left&#8221; min_width=&#8221;47vh&#8221;][vc_column_inner column_padding=&#8221;no-extra-padding&#8221; column_padding_tablet=&#8221;inherit&#8221; column_padding_phone=&#8221;inherit&#8221; column_padding_position=&#8221;all&#8221; background_color_opacity=&#8221;1&#8243; background_hover_color_opacity=&#8221;1&#8243; column_shadow=&#8221;none&#8221; column_border_radius=&#8221;none&#8221; column_link_target=&#8221;_self&#8221; gradient_direction=&#8221;left_to_right&#8221; overlay_strength=&#8221;0.3&#8243; width=&#8221;1\/1&#8243; tablet_width_inherit=&#8221;default&#8221; column_border_width=&#8221;none&#8221; column_border_style=&#8221;solid&#8221; enable_border_animation=&#8221;true&#8221; bg_image_animation=&#8221;none&#8221; enable_animation=&#8221;true&#8221; animation=&#8221;fade-in-from-bottom&#8221;][vc_column_text css_animation=&#8221;none&#8221; css=&#8221;.vc_custom_1602666926428{margin-bottom: 20px !important;}&#8221;]\n<h2>APPK profile<\/h2>\n[\/vc_column_text][vc_custom_heading text=&#8221;Employment Promotion Agency Kosovo is a non-governmental and non-profit organization, established in 2001 at the Ministry of Public Administration of the Republic of Kosovo and is active in the field of socio-economic reintegration, vocational trainings, certifications, job-placement and self-employment.<br \/>\nAPPK is leader in socio-economic reintegration and capacity building of different target groups, by ensuring their socio-economic sustainability and professional advancement, with the aim to have an impact in economic development and general stabilization of the community.<br \/>\nIt is the most predominant employment organization in Kosovo, throughout the 20 years APPK has implemented over 110 of projects which were entrusted by different donors such as EU, UNDP, IOM, German government and non-government institutions, as well as other donors. Through these projects more than 42,000 Kosovo citizens have benefited socio-economic integration support.<br \/>\nAPPK is partner of international institutions, such as: Pearson in UK, Diakonie, CEB, Colping Academy, Micado Migration, BAMF, Coburg Municipality, all these German institutions, EVBB in Brussel, as well as regional institutions, such as: National Employment Service in Albania, Employment Agency in Montenegro, NGOs from Northern Macedonia, etc., for a number of services in the field of Education, Certification, Training and mediation in education, training and employment.<br \/>\nAPPK is also very involved in contributing to national policies in the field of migration, education, employment and in delivering different services with the aim of creating employment opportunities and career advancement for people to progress in their lives.<br \/>\nAPPK has a strong partnership with relevant stakeholders in Kosovo (public and non-public institutions), such as: Ministry of Labor and Social Welfare, with special emphasis on the Employment Agency of the Republic of Kosovo, is member of the National Qualifications Authority (NQA), Agency for Vocational Education and Training and Adult Education (AVETAE), etc.<\/p>\n<p>&#8221; font_container=&#8221;tag:p|font_size:14px|text_align:left|line_height:2em&#8221; use_theme_fonts=&#8221;yes&#8221; css_animation=&#8221;none&#8221;][\/vc_column_inner][\/vc_row_inner][\/vc_column][\/vc_row][vc_row type=&#8221;in_container&#8221; full_screen_row_position=&#8221;middle&#8221; column_margin=&#8221;default&#8221; column_direction=&#8221;default&#8221; column_direction_tablet=&#8221;default&#8221; column_direction_phone=&#8221;default&#8221; scene_position=&#8221;center&#8221; text_color=&#8221;dark&#8221; text_align=&#8221;left&#8221; row_border_radius=&#8221;none&#8221; row_border_radius_applies=&#8221;bg&#8221; overlay_strength=&#8221;0.3&#8243; gradient_direction=&#8221;left_to_right&#8221; shape_divider_position=&#8221;bottom&#8221; bg_image_animation=&#8221;none&#8221;][vc_column column_padding=&#8221;no-extra-padding&#8221; column_padding_tablet=&#8221;inherit&#8221; column_padding_phone=&#8221;inherit&#8221; column_padding_position=&#8221;all&#8221; background_color_opacity=&#8221;1&#8243; background_hover_color_opacity=&#8221;1&#8243; column_shadow=&#8221;none&#8221; column_border_radius=&#8221;none&#8221; column_link_target=&#8221;_self&#8221; gradient_direction=&#8221;left_to_right&#8221; overlay_strength=&#8221;0.3&#8243; width=&#8221;1\/1&#8243; tablet_width_inherit=&#8221;default&#8221; tablet_text_alignment=&#8221;default&#8221; phone_text_alignment=&#8221;default&#8221; column_border_width=&#8221;none&#8221; column_border_style=&#8221;solid&#8221; bg_image_animation=&#8221;none&#8221;][divider line_type=&#8221;No Line&#8221; custom_height=&#8221;100&#8243;][split_line_heading animation_type=&#8221;default&#8221;]\n<h2>Scope of work<\/h2>\n<p>Socio-economic reintegration of different target groups in society through counselling, professional guidance, different trainings, certifications, job-mediation and self-employment.[\/split_line_heading][divider line_type=&#8221;No Line&#8221;][nectar_video_player_self_hosted video_mp4=&#8221;http:\/\/appk.org\/appk\/wp-content\/uploads\/2020\/06\/IMG_4814_Trim.mp4&#8243; border_radius=&#8221;none&#8221; box_shadow=&#8221;none&#8221;][\/vc_column][\/vc_row]\n","protected":false},"excerpt":{"rendered":"<p>[vc_row type=&#8221;full_width_content&#8221; full_screen_row_position=&#8221;middle&#8221; column_margin=&#8221;default&#8221; equal_height=&#8221;yes&#8221; content_placement=&#8221;middle&#8221; column_direction=&#8221;default&#8221; column_direction_tablet=&#8221;default&#8221; column_direction_phone=&#8221;default&#8221; bg_color=&#8221;#ffffff&#8221; scene_position=&#8221;center&#8221; constrain_group_1=&#8221;yes&#8221; top_padding_tablet=&#8221;8%&#8221; bottom_padding_tablet=&#8221;8%&#8221; text_color=&#8221;dark&#8221; text_align=&#8221;left&#8221; row_border_radius=&#8221;none&#8221; row_border_radius_applies=&#8221;bg&#8221; id=&#8221;home&#8221; overlay_strength=&#8221;0.5&#8243; gradient_direction=&#8221;top_to_bottom&#8221; shape_divider_position=&#8221;bottom&#8221; bg_image_animation=&#8221;none&#8221; shape_type=&#8221;straight_section&#8221;][vc_column column_padding=&#8221;no-extra-padding&#8221; column_padding_tablet=&#8221;inherit&#8221; column_padding_phone=&#8221;inherit&#8221; column_padding_position=&#8221;all&#8221; left_margin_tablet=&#8221;auto&#8221; right_margin_tablet=&#8221;auto&#8221;&#8230;<\/p>\n","protected":false},"author":1,"featured_media":0,"parent":0,"menu_order":0,"comment_status":"closed","ping_status":"closed","template":"","meta":{"nf_dc_page":"","om_disable_all_campaigns":false,"_monsterinsights_skip_tracking":false,"_monsterinsights_sitenote_active":false,"_monsterinsights_sitenote_note":"","_monsterinsights_sitenote_category":0,"footnotes":""},"class_list":["post-7621","page","type-page","status-publish"],"aioseo_notices":[],"yoast_head":"<!-- This site is optimized with the Yoast SEO plugin v27.3 - https:\/\/yoast.com\/product\/yoast-seo-wordpress\/ -->\n<title>For APPK - APPK<\/title>\n<meta name=\"robots\" content=\"index, follow, max-snippet:-1, max-image-preview:large, max-video-preview:-1\" \/>\n<link rel=\"canonical\" href=\"https:\/\/appk.org\/appk\/for-appk\/\" \/>\n<meta property=\"og:locale\" content=\"en_US\" \/>\n<meta property=\"og:type\" content=\"article\" \/>\n<meta property=\"og:title\" content=\"For APPK - APPK\" \/>\n<meta property=\"og:description\" content=\"[vc_row type=&#8221;full_width_content&#8221; full_screen_row_position=&#8221;middle&#8221; column_margin=&#8221;default&#8221; equal_height=&#8221;yes&#8221; content_placement=&#8221;middle&#8221; column_direction=&#8221;default&#8221; column_direction_tablet=&#8221;default&#8221; column_direction_phone=&#8221;default&#8221; bg_color=&#8221;#ffffff&#8221; scene_position=&#8221;center&#8221; constrain_group_1=&#8221;yes&#8221; top_padding_tablet=&#8221;8%&#8221; bottom_padding_tablet=&#8221;8%&#8221; text_color=&#8221;dark&#8221; text_align=&#8221;left&#8221; row_border_radius=&#8221;none&#8221; row_border_radius_applies=&#8221;bg&#8221; id=&#8221;home&#8221; overlay_strength=&#8221;0.5&#8243; gradient_direction=&#8221;top_to_bottom&#8221; shape_divider_position=&#8221;bottom&#8221; bg_image_animation=&#8221;none&#8221; shape_type=&#8221;straight_section&#8221;][vc_column column_padding=&#8221;no-extra-padding&#8221; column_padding_tablet=&#8221;inherit&#8221; column_padding_phone=&#8221;inherit&#8221; column_padding_position=&#8221;all&#8221; left_margin_tablet=&#8221;auto&#8221; right_margin_tablet=&#8221;auto&#8221;...\" \/>\n<meta property=\"og:url\" content=\"https:\/\/appk.org\/appk\/for-appk\/\" \/>\n<meta property=\"og:site_name\" content=\"APPK\" \/>\n<meta property=\"article:publisher\" content=\"https:\/\/www.facebook.com\/appkorg\/\" \/>\n<meta property=\"article:modified_time\" content=\"2020-10-22T14:05:32+00:00\" \/>\n<meta name=\"twitter:card\" content=\"summary_large_image\" \/>\n<meta name=\"twitter:label1\" content=\"Est. reading time\" \/>\n\t<meta name=\"twitter:data1\" content=\"5 minutes\" \/>\n<script type=\"application\/ld+json\" class=\"yoast-schema-graph\">{\"@context\":\"https:\\\/\\\/schema.org\",\"@graph\":[{\"@type\":\"WebPage\",\"@id\":\"https:\\\/\\\/appk.org\\\/appk\\\/for-appk\\\/\",\"url\":\"https:\\\/\\\/appk.org\\\/appk\\\/for-appk\\\/\",\"name\":\"For APPK - APPK\",\"isPartOf\":{\"@id\":\"https:\\\/\\\/appk.org\\\/appk\\\/#website\"},\"datePublished\":\"2020-10-14T09:14:49+00:00\",\"dateModified\":\"2020-10-22T14:05:32+00:00\",\"breadcrumb\":{\"@id\":\"https:\\\/\\\/appk.org\\\/appk\\\/for-appk\\\/#breadcrumb\"},\"inLanguage\":\"en-US\",\"potentialAction\":[{\"@type\":\"ReadAction\",\"target\":[\"https:\\\/\\\/appk.org\\\/appk\\\/for-appk\\\/\"]}]},{\"@type\":\"BreadcrumbList\",\"@id\":\"https:\\\/\\\/appk.org\\\/appk\\\/for-appk\\\/#breadcrumb\",\"itemListElement\":[{\"@type\":\"ListItem\",\"position\":1,\"name\":\"Home\",\"item\":\"https:\\\/\\\/appk.org\\\/appk\\\/\"},{\"@type\":\"ListItem\",\"position\":2,\"name\":\"For APPK\"}]},{\"@type\":\"WebSite\",\"@id\":\"https:\\\/\\\/appk.org\\\/appk\\\/#website\",\"url\":\"https:\\\/\\\/appk.org\\\/appk\\\/\",\"name\":\"APPK\",\"description\":\"Agjensioni i P\u00ebrkrahjes se Punesimit n\u00eb Kosov\u00eb\",\"potentialAction\":[{\"@type\":\"SearchAction\",\"target\":{\"@type\":\"EntryPoint\",\"urlTemplate\":\"https:\\\/\\\/appk.org\\\/appk\\\/?s={search_term_string}\"},\"query-input\":{\"@type\":\"PropertyValueSpecification\",\"valueRequired\":true,\"valueName\":\"search_term_string\"}}],\"inLanguage\":\"en-US\"}]}<\/script>\n<!-- \/ Yoast SEO plugin. -->","yoast_head_json":{"title":"For APPK - APPK","robots":{"index":"index","follow":"follow","max-snippet":"max-snippet:-1","max-image-preview":"max-image-preview:large","max-video-preview":"max-video-preview:-1"},"canonical":"https:\/\/appk.org\/appk\/for-appk\/","og_locale":"en_US","og_type":"article","og_title":"For APPK - APPK","og_description":"[vc_row type=&#8221;full_width_content&#8221; full_screen_row_position=&#8221;middle&#8221; column_margin=&#8221;default&#8221; equal_height=&#8221;yes&#8221; content_placement=&#8221;middle&#8221; column_direction=&#8221;default&#8221; column_direction_tablet=&#8221;default&#8221; column_direction_phone=&#8221;default&#8221; bg_color=&#8221;#ffffff&#8221; scene_position=&#8221;center&#8221; constrain_group_1=&#8221;yes&#8221; top_padding_tablet=&#8221;8%&#8221; bottom_padding_tablet=&#8221;8%&#8221; text_color=&#8221;dark&#8221; text_align=&#8221;left&#8221; row_border_radius=&#8221;none&#8221; row_border_radius_applies=&#8221;bg&#8221; id=&#8221;home&#8221; overlay_strength=&#8221;0.5&#8243; gradient_direction=&#8221;top_to_bottom&#8221; shape_divider_position=&#8221;bottom&#8221; bg_image_animation=&#8221;none&#8221; shape_type=&#8221;straight_section&#8221;][vc_column column_padding=&#8221;no-extra-padding&#8221; column_padding_tablet=&#8221;inherit&#8221; column_padding_phone=&#8221;inherit&#8221; column_padding_position=&#8221;all&#8221; left_margin_tablet=&#8221;auto&#8221; right_margin_tablet=&#8221;auto&#8221;...","og_url":"https:\/\/appk.org\/appk\/for-appk\/","og_site_name":"APPK","article_publisher":"https:\/\/www.facebook.com\/appkorg\/","article_modified_time":"2020-10-22T14:05:32+00:00","twitter_card":"summary_large_image","twitter_misc":{"Est. reading time":"5 minutes"},"schema":{"@context":"https:\/\/schema.org","@graph":[{"@type":"WebPage","@id":"https:\/\/appk.org\/appk\/for-appk\/","url":"https:\/\/appk.org\/appk\/for-appk\/","name":"For APPK - APPK","isPartOf":{"@id":"https:\/\/appk.org\/appk\/#website"},"datePublished":"2020-10-14T09:14:49+00:00","dateModified":"2020-10-22T14:05:32+00:00","breadcrumb":{"@id":"https:\/\/appk.org\/appk\/for-appk\/#breadcrumb"},"inLanguage":"en-US","potentialAction":[{"@type":"ReadAction","target":["https:\/\/appk.org\/appk\/for-appk\/"]}]},{"@type":"BreadcrumbList","@id":"https:\/\/appk.org\/appk\/for-appk\/#breadcrumb","itemListElement":[{"@type":"ListItem","position":1,"name":"Home","item":"https:\/\/appk.org\/appk\/"},{"@type":"ListItem","position":2,"name":"For APPK"}]},{"@type":"WebSite","@id":"https:\/\/appk.org\/appk\/#website","url":"https:\/\/appk.org\/appk\/","name":"APPK","description":"Agjensioni i P\u00ebrkrahjes se Punesimit n\u00eb Kosov\u00eb","potentialAction":[{"@type":"SearchAction","target":{"@type":"EntryPoint","urlTemplate":"https:\/\/appk.org\/appk\/?s={search_term_string}"},"query-input":{"@type":"PropertyValueSpecification","valueRequired":true,"valueName":"search_term_string"}}],"inLanguage":"en-US"}]}},"jetpack_sharing_enabled":true,"_links":{"self":[{"href":"https:\/\/appk.org\/appk\/wp-json\/wp\/v2\/pages\/7621","targetHints":{"allow":["GET"]}}],"collection":[{"href":"https:\/\/appk.org\/appk\/wp-json\/wp\/v2\/pages"}],"about":[{"href":"https:\/\/appk.org\/appk\/wp-json\/wp\/v2\/types\/page"}],"author":[{"embeddable":true,"href":"https:\/\/appk.org\/appk\/wp-json\/wp\/v2\/users\/1"}],"replies":[{"embeddable":true,"href":"https:\/\/appk.org\/appk\/wp-json\/wp\/v2\/comments?post=7621"}],"version-history":[{"count":3,"href":"https:\/\/appk.org\/appk\/wp-json\/wp\/v2\/pages\/7621\/revisions"}],"predecessor-version":[{"id":7945,"href":"https:\/\/appk.org\/appk\/wp-json\/wp\/v2\/pages\/7621\/revisions\/7945"}],"wp:attachment":[{"href":"https:\/\/appk.org\/appk\/wp-json\/wp\/v2\/media?parent=7621"}],"curies":[{"name":"wp","href":"https:\/\/api.w.org\/{rel}","templated":true}]}}